
{"id":909,"date":"2022-01-14T08:59:24","date_gmt":"2022-01-14T07:59:24","guid":{"rendered":"https:\/\/www.pan-ol.lublin.pl\/?page_id=909"},"modified":"2026-03-25T13:27:54","modified_gmt":"2026-03-25T12:27:54","slug":"informacje","status":"publish","type":"page","link":"https:\/\/lublin.pan.pl\/pl\/nagroda\/informacje\/","title":{"rendered":"Informacje"},"content":{"rendered":"<h3>Warunki przyznawania nagrody\u00a0 Oddzia\u0142u PAN w Lublinie<\/h3>\n<p>Nagroda przyznawana jest co roku za najlepsze oryginalne prace (tw\u00f3rcze, monografi\u0119), osi\u0105gni\u0119cia badawcze, wdro\u017cenie patentu wykonane przez m\u0142odych pracownik\u00f3w naukowych z terenu dzia\u0142ania Oddzia\u0142u kt\u00f3re zosta\u0142o opublikowane w roku poprzedzaj\u0105cym z\u0142o\u017cenie wniosku o przyznanie nagrody.<\/p>\n<p>Nagroda przyznawana jest 5 laureatom z zakresu nauk: 1) humanistycznych i spo\u0142ecznych, 2) biologicznych i rolniczych, 3) \u015bcis\u0142ych i nauk o Ziemi, 4) technicznych, 5) medycznych za oryginalne osi\u0105gni\u0119cie badawcze (Uwaga: nie za prac\u0119 przegl\u0105dow\u0105), kt\u00f3re zosta\u0142o opublikowane w roku poprzedzaj\u0105cym z\u0142o\u017cenie wniosku o przyznanie nagrody.<\/p>\n<p><strong>Wnioski o przyznanie nagrody nale\u017cy sk\u0142ada\u0107 w formie elektronicznej na adres: lublin@pan.pl do 30 czerwca br.<\/strong><\/p>\n<p>Wyniki konkursu zostan\u0105 opublikowane do 30 pa\u017adziernika br. na stronie internetowej www.pan-ol.lublin.pl, a uroczyste wr\u0119czenie nagrody laureatom odb\u0119dzie si\u0119 podczas jesiennej sesji Zgromadzenia Og\u00f3lnego PAN Oddzia\u0142 w Lublinie.<\/p>\n<p>Wysoko\u015b\u0107 ka\u017cdej nagrody to: 4000 z\u0142 brutto<\/p>\n<h6>Warunki przyznawania nagrody okre\u015bla regulamin konkursu.<\/h6>\n<p>Dokumenty dot. przyznawania nagrody:<\/p>\n<ul>\n<li><a href=\"https:\/\/lublin.pan.pl\/wp-content\/uploads\/2025\/03\/2025_Regulamin_Nagroda-Oddzialu.pdf\">Regulamin Nagrody\u00a0 Oddzia\u0142u PAN w Lublinie<\/a><\/li>\n<li><a href=\"https:\/\/lublin.pan.pl\/wp-content\/uploads\/2025\/11\/zal._1._Wniosek-o-przyznanie-Nagrody-2024.pdf\">Za\u0142\u0105cznik 1 &#8211; Formularz zg\u0142oszeniowy<\/a> <a title=\"Pobierz\" href=\"https:\/\/www.pan-ol.lublin.pl\/wp-content\/uploads\/2021\/04\/nagroda_zal_1_wniosek.pdf\" target=\"_blank\" rel=\"noopener\"><img class=\"file-icon\" src=\"https:\/\/www.pan-ol.lublin.pl\/wp-content\/uploads\/2021\/04\/icon_pdf.png\" alt=\"\" \/><\/a><a title=\"Pobierz\" href=\"https:\/\/www.pan-ol.lublin.pl\/wp-content\/uploads\/2021\/04\/nagroda_zal_1_wniosek.docx\" target=\"_blank\" rel=\"noopener\"><img class=\"file-icon\" src=\"https:\/\/www.pan-ol.lublin.pl\/wp-content\/uploads\/2021\/04\/icon_doc.png\" alt=\"\" \/><\/a><\/li>\n<li><a href=\"https:\/\/lublin.pan.pl\/wp-content\/uploads\/2025\/11\/zal_2_zgoda_dane_osobowe_-wizerunek-2024.pdf\">Za\u0142\u0105cznik 2 &#8211; Zgoda na wykorzystanie danych osobowych i wizerunku<\/a> <a title=\"Pobierz\" href=\"https:\/\/www.pan-ol.lublin.pl\/wp-content\/uploads\/2021\/04\/nagroda_zal_2_zgoda_dane_osobowe.pdf\" target=\"_blank\" rel=\"noopener\"><img class=\"file-icon\" src=\"https:\/\/www.pan-ol.lublin.pl\/wp-content\/uploads\/2021\/04\/icon_pdf.png\" alt=\"\" \/><\/a><a title=\"Pobierz\" href=\"https:\/\/www.pan-ol.lublin.pl\/wp-content\/uploads\/2021\/04\/nagroda_zal_2_zgoda_dane_osobowe.docx\" target=\"_blank\" rel=\"noopener\"><img class=\"file-icon\" src=\"https:\/\/www.pan-ol.lublin.pl\/wp-content\/uploads\/2021\/04\/icon_doc.png\" alt=\"\" \/><\/a><\/li>\n<li><a href=\"https:\/\/lublin.pan.pl\/wp-content\/uploads\/2025\/11\/Zal.-3_-oswiadczenie-o-wiodacym-wkladzie-kandydata-2024.pdf\">Za\u0142\u0105cznik 3 &#8211; O\u015bwiadczenie o wiod\u0105cym wk\u0142adzie kandydata<\/a> <a title=\"Pobierz\" href=\"https:\/\/www.pan-ol.lublin.pl\/wp-content\/uploads\/2023\/02\/nagroda_zal_3_oswiadczenie_o_wkladzie.pdf\" target=\"_blank\" rel=\"noopener\"><img class=\"file-icon\" src=\"https:\/\/www.pan-ol.lublin.pl\/wp-content\/uploads\/2021\/04\/icon_pdf.png\" alt=\"\" \/><\/a><a title=\"Pobierz\" href=\"https:\/\/www.pan-ol.lublin.pl\/wp-content\/uploads\/2023\/02\/nagroda_zal_3_oswiadczenie_o_wkladzie.docx\" target=\"_blank\" rel=\"noopener\"><img class=\"file-icon\" src=\"https:\/\/www.pan-ol.lublin.pl\/wp-content\/uploads\/2021\/04\/icon_doc.png\" alt=\"\" \/><\/a><\/li>\n<\/ul>\n<h3>Jak sk\u0142ada\u0107 wnioski konkursowe<\/h3>\n<h6>Wnioski mo\u017cna sk\u0142ada\u0107 tylko drog\u0105 elektroniczn\u0105 do 30 czerwca br.<\/h6>\n<p>Wype\u0142nione, podpisane odr\u0119cznie dokumenty: wniosek konkursowy (za\u0142. 1), zgod\u0119 na wykorzystanie danych osobowych (za\u0142. 2) , o\u015bwiadczenie o wiod\u0105cym wk\u0142adzie kandydata (za\u0142. 3 \u2013 je\u015bli dotyczy) wraz z prac\u0105 <strong>w formacie PDF<\/strong> prze\u015blij na adres: lublin@pan.pl z adnotacj\u0105: Nagroda Prezesa Oddzia\u0142u PAN w Lublinie.<\/p>\n<p>Po otrzymaniu wniosku w ci\u0105gu 7 dni otrzymasz potwierdzenie drog\u0105 elektroniczn\u0105.<\/p>\n<p>W przypadku braku takiego potwierdzenia prosimy o kontakt.<\/p>\n<p>&nbsp;<\/p>\n<p><a href=\"https:\/\/lublin.pan.pl\/wp-content\/uploads\/2025\/09\/Lista-osob-do-NAGRODY-PREZESA_PAN-OL-za-2024-r..pdf\">Do pobrania<\/a> &#8211; Lista os\u00f3b, kt\u00f3rych <strong>wnioski zosta\u0142y zakwalifikowane<\/strong> do Konkursu i oczekuj\u0105 na ocen\u0119 Komisji konkursowych.<\/p>\n<p>&nbsp;<\/p>\n<p>Wszystkim osobom, kt\u00f3re zg\u0142osi\u0142y swoj\u0105 prac\u0119 do tegorocznej edycji Konkursu Oddzia\u0142u PAN w Lublinie dzi\u0119kujemy, a Laureatom oraz Wyr\u00f3\u017cnionym sk\u0142adamy wyrazy uznania oraz serdeczne gratulacje!<\/p>\n<p>Zgodnie z postanowieniem \u00a0Kapitu\u0142y Nagrody Oddzia\u0142u PAN w Lublinie i decyzj\u0105 Prezesa PAN, na podstawie rekomendacji Zespo\u0142\u00f3w oceniaj\u0105cych zg\u0142oszone prace, <span style=\"color: #ff0000;\"><strong>Laureatami Konkursu o Nagrod\u0119 Oddzia\u0142u PAN w Lublinie dla m\u0142odych naukowc\u00f3w za najlepsz\u0105 prac\u0119 naukow\u0105 opublikowan\u0105 w 2024 r.<\/strong><\/span> zostaj\u0105:<\/p>\n<p><strong>&#8211; Nauki humanistyczne i spo\u0142eczne<\/strong><\/p>\n<p><strong>dr<\/strong><strong> Gavryshkiv Antonina-Viktoriia<\/strong><strong> (KUL w Lublinie)<\/strong><strong>\u00a0<\/strong><\/p>\n<p>Tytu\u0142 pracy: <em>Wp\u0142yw otwarto\u015bci handlu na \u015brodowisko w krajach rozwijaj\u0105cych si\u0119<\/em><\/p>\n<p>&nbsp;<\/p>\n<p><strong>&#8211; Nauki biologiczne i rolnicze<\/strong><\/p>\n<p><strong>Dr in\u017c. K\u0119ska Paulina<\/strong><strong> (<\/strong><strong>UP w Lublinie) <\/strong><strong>i in.<\/strong><\/p>\n<p>Tytu\u0142 pracy: <em>\u00a0Influence of sonication pretreatment on antiradical and anti-ACE activity of protein hydrolysates from fermented pork loins<\/em><\/p>\n<p>&nbsp;<\/p>\n<p><strong>&#8211; N<\/strong><strong>auki \u015bcis\u0142e i nauki o Ziemi:<\/strong><\/p>\n<p><strong>Dr Fila Dominika (UMCS w Lublinie) i in.<\/strong><\/p>\n<p>Tytu\u0142 pracy<em>:<\/em> <em>Facile synthesis of eco-friendly alginate-chitosan bio-adsorbent for critical raw materials adsorption: A comprehensive study<\/em><\/p>\n<p>&nbsp;<\/p>\n<p><strong>&#8211; Nauki techniczne:<\/strong><\/p>\n<p><strong>\u00a0<\/strong><strong>Mgr Morawska Klaudia Maria (UMCS w Lublinie) i in.<\/strong><\/p>\n<p>Tytu\u0142 pracy<em>:<\/em> <em>Novel usage of perinone polymer as solid contact in ion-selective electrodes<\/em><\/p>\n<p><strong>\u00a0<\/strong><\/p>\n<p><strong>&#8211; Nauki medyczne:<\/strong><\/p>\n<p><strong>\u00a0<\/strong><strong>Dr n. med. i n. o zdr. <\/strong><strong>Kuczy\u0144ska Maryla Anna <\/strong><strong>(UM w Lublinie)<\/strong><\/p>\n<p>Tytu\u0142 pracy: <em>Ocena aktywno\u015bci i rozleg\u0142o\u015bci procesu chorobowego u pacjent\u00f3w z nieswoistym zapaleniem jelit z wykorzystaniem metod diagnostyki obrazowej &#8211; ultrasonografii oraz enterografii rezonansu magnetycznego<\/em><\/p>\n<p>&nbsp;<\/p>\n<p>Rozpatrzono te\u017c wnioski o <span style=\"color: #ff0000;\">wyr\u00f3\u017cnienie dw\u00f3ch prac<\/span> bez gratyfikacji finansowej (dyplomami) i podj\u0119to decyzj\u0119 o wy\u0142onieniu kandydatur, reprezentuj\u0105cych obszary:<\/p>\n<p><strong>&#8211; nauk humanistycznych i spo\u0142ecznych<\/strong><\/p>\n<p><strong>Dr Waszkiewicz Agata <\/strong><strong>(KUL w Lublinie)<\/strong><\/p>\n<p>Tytu\u0142 pracy:\u00a0 <em>METAGAMES Games about games<\/em><\/p>\n<p>&nbsp;<\/p>\n<p><strong>\u00a0<\/strong><strong>&#8211; nauk technicznych:<\/strong><\/p>\n<p><strong>Dr in\u017c. <\/strong><strong>Kawecki Bartosz<\/strong><strong> (<\/strong><strong>PL w Lublinie)<\/strong> <strong>i in.<\/strong><\/p>\n<p>Tytu\u0142 pracy: <em>\u00a0<\/em><em>Experimental investigations on the behaviour of structural-sized wood-CFRP composite beams in local fire<\/em><\/p>\n<p><strong>\u00a0<\/strong><\/p>\n<p>Wszystkim osobom, kt\u00f3re zg\u0142osi\u0142y swoj\u0105 prac\u0119 do tegorocznej edycji Konkursu Oddzia\u0142u PAN w Lublinie dzi\u0119kujemy, a Laureatom oraz Wyr\u00f3\u017cnionym sk\u0142adamy wyrazy uznania oraz serdeczne gratulacje!<\/p>\n<p>&nbsp;<\/p>\n<p>&nbsp;<\/p>\n","protected":false},"excerpt":{"rendered":"<p>Warunki przyznawania nagrody\u00a0 Oddzia\u0142u PAN w Lublinie Nagroda przyznawana jest co roku za najlepsze oryginalne prace (tw\u00f3rcze, monografi\u0119), osi\u0105gni\u0119cia badawcze, wdro\u017cenie patentu wykonane przez m\u0142odych pracownik\u00f3w naukowych z terenu dzia\u0142ania Oddzia\u0142u kt\u00f3re zosta\u0142o opublikowane w roku poprzedzaj\u0105cym z\u0142o\u017cenie wniosku o przyznanie nagrody. Nagroda przyznawana jest 5 laureatom z zakresu nauk: 1) humanistycznych i spo\u0142ecznych, 2) [&hellip;]<\/p>\n","protected":false},"author":1,"featured_media":0,"parent":635,"menu_order":0,"comment_status":"closed","ping_status":"closed","template":"","meta":[],"_links":{"self":[{"href":"https:\/\/lublin.pan.pl\/pl\/wp-json\/wp\/v2\/pages\/909"}],"collection":[{"href":"https:\/\/lublin.pan.pl\/pl\/wp-json\/wp\/v2\/pages"}],"about":[{"href":"https:\/\/lublin.pan.pl\/pl\/wp-json\/wp\/v2\/types\/page"}],"author":[{"embeddable":true,"href":"https:\/\/lublin.pan.pl\/pl\/wp-json\/wp\/v2\/users\/1"}],"replies":[{"embeddable":true,"href":"https:\/\/lublin.pan.pl\/pl\/wp-json\/wp\/v2\/comments?post=909"}],"version-history":[{"count":32,"href":"https:\/\/lublin.pan.pl\/pl\/wp-json\/wp\/v2\/pages\/909\/revisions"}],"predecessor-version":[{"id":2338,"href":"https:\/\/lublin.pan.pl\/pl\/wp-json\/wp\/v2\/pages\/909\/revisions\/2338"}],"up":[{"embeddable":true,"href":"https:\/\/lublin.pan.pl\/pl\/wp-json\/wp\/v2\/pages\/635"}],"wp:attachment":[{"href":"https:\/\/lublin.pan.pl\/pl\/wp-json\/wp\/v2\/media?parent=909"}],"curies":[{"name":"wp","href":"https:\/\/api.w.org\/{rel}","templated":true}]}}