
{"id":591,"date":"2021-03-29T21:58:50","date_gmt":"2021-03-29T19:58:50","guid":{"rendered":"https:\/\/www.pan-ol.lublin.pl\/?page_id=591"},"modified":"2021-03-29T23:21:15","modified_gmt":"2021-03-29T21:21:15","slug":"periodyki-naukowe","status":"publish","type":"page","link":"https:\/\/lublin.pan.pl\/pl\/periodyki-naukowe\/","title":{"rendered":"Periodyki Naukowe"},"content":{"rendered":"<p>OL PAN pocz\u0105wszy od 2003 roku rozpocz\u0105\u0142 wydawanie czasopism naukowych zwi\u0105zanych z poszczeg\u00f3lnymi Komisjami Naukowymi OL PAN. Wi\u0119kszo\u015b\u0107 z tych czasopism nie jest ju\u017c wydawana. Nieliczne s\u0105 obecnie wydawane przez instytucje\/stowarzyszenia niezale\u017cnie od OL PAN.<\/p>\n<p>Poni\u017cej udost\u0119pnianie s\u0105 archiwa zasob\u00f3w tych czasopism wydawanych przez OL PAN.<\/p>\n<ul class=\"archive-periodics-links\">\n<li><a href=\"\/pl\/archiwum\/?url=https:\/\/www.pan-ol.lublin.pl\/archiwum\/wydawnictwa\/Teka-Motrol.html\">Teka Komisji Motoryzacji i Energetyki Rolnictwa<\/a><\/li>\n<li><a href=\"\/pl\/archiwum\/?url=https:\/\/www.pan-ol.lublin.pl\/archiwum\/wydawnictwa\/Teka-Pol-Ukr.html\">Teka Komisji Polsko-Ukrai\u0144skich Zwi\u0105zk\u00f3w Kulturowych<\/a>\n<p>Obecnie wydawana przez: Wydawnictwo KUL <a href=\"https:\/\/czasopisma.kul.pl\/teka\" target=\"_blank\" rel=\"noopener\"><ion-icon name=\"open\"><\/ion-icon>https:\/\/czasopisma.kul.pl\/teka<\/><\/p>\n<\/li>\n<li><a href=\"\/pl\/archiwum\/?url=https:\/\/www.pan-ol.lublin.pl\/archiwum\/wydawnictwa\/Teka-Ochr.html\">Teka Komisji Ochrony i Kszta\u0142towania \u015arodowiska Przyrodniczego<\/a><\/li>\n<li><a href=\"\/pl\/archiwum\/?url=https:\/\/www.pan-ol.lublin.pl\/archiwum\/wydawnictwa\/Teka-Hist.html\">Teka Komisji Historycznej<\/a>\n<p>Obecnie wydawana przez: Towarzystwo Naukowe KUL <a href=\"https:\/\/tnkul.pl\/teka-komisji-historycznej\" target=\"_blank\" rel=\"noopener\"><ion-icon name=\"open\"><\/ion-icon>https:\/\/tnkul.pl\/teka-komisji-historycznej<\/><\/p>\n<\/li>\n<li><a href=\"\/pl\/archiwum\/?url=https:\/\/www.pan-ol.lublin.pl\/archiwum\/wydawnictwa\/Teka-Bud.html\">Teka Komisji Budowy i Eksploatacji Maszyn, Elektrotechniki, Budownictwa<\/a><\/li>\n<li><a href=\"\/pl\/archiwum\/?url=https:\/\/www.pan-ol.lublin.pl\/archiwum\/wydawnictwa\/Teka-Pol.html\">Teka Komisji Politologii i Stosunk\u00f3w Mi\u0119dzynarodowych<\/a><\/li>\n<li><a href=\"\/pl\/archiwum\/?url=https:\/\/www.pan-ol.lublin.pl\/archiwum\/wydawnictwa\/Teka-Arch.html\">Teka Komisji Architektury, Urbanistyki i Studi\u00f3w Krajobrazowych<\/a><\/li>\n<li><a href=\"\/pl\/archiwum\/?url=https:\/\/www.pan-ol.lublin.pl\/archiwum\/wydawnictwa\/Teka-Praw.html\">Teka Komisji Prawniczej<\/a>\n<p>Obecnie wydawana przez: Stowarzyszenie Absolwent\u00f3w i Przyjaci\u00f3\u0142 Wydzia\u0142u Prawa Katolickiego Uniwersytetu Lubelskiego <a href=\"http:\/\/tkp.edu.pl\" target=\"_blank\" rel=\"noopener\"><ion-icon name=\"open\"><\/ion-icon>http:\/\/tkp.edu.pl<\/><\/p>\n<\/li>\n<li><a href=\"\/pl\/archiwum\/?url=https:\/\/www.pan-ol.lublin.pl\/archiwum\/wydawnictwa\/Teka-Med.html\">Teka Komisji Nauk Medycznych<\/a><\/li>\n<li><a href=\"\/pl\/archiwum\/?url=https:\/\/www.pan-ol.lublin.pl\/archiwum\/wydawnictwa\/motrol.html\">MOTROL &#8211; Motoryzacja i Energetyka Rolnictwa<\/a><\/li>\n<\/ul>\n","protected":false},"excerpt":{"rendered":"<p>OL PAN pocz\u0105wszy od 2003 roku rozpocz\u0105\u0142 wydawanie czasopism naukowych zwi\u0105zanych z poszczeg\u00f3lnymi Komisjami Naukowymi OL PAN. Wi\u0119kszo\u015b\u0107 z tych czasopism nie jest ju\u017c wydawana. Nieliczne s\u0105 obecnie wydawane przez instytucje\/stowarzyszenia niezale\u017cnie od OL PAN. Poni\u017cej udost\u0119pnianie s\u0105 archiwa zasob\u00f3w tych czasopism wydawanych przez OL PAN. Teka Komisji Motoryzacji i Energetyki Rolnictwa Teka Komisji Polsko-Ukrai\u0144skich [&hellip;]<\/p>\n","protected":false},"author":1,"featured_media":0,"parent":0,"menu_order":0,"comment_status":"closed","ping_status":"closed","template":"","meta":[],"_links":{"self":[{"href":"https:\/\/lublin.pan.pl\/pl\/wp-json\/wp\/v2\/pages\/591"}],"collection":[{"href":"https:\/\/lublin.pan.pl\/pl\/wp-json\/wp\/v2\/pages"}],"about":[{"href":"https:\/\/lublin.pan.pl\/pl\/wp-json\/wp\/v2\/types\/page"}],"author":[{"embeddable":true,"href":"https:\/\/lublin.pan.pl\/pl\/wp-json\/wp\/v2\/users\/1"}],"replies":[{"embeddable":true,"href":"https:\/\/lublin.pan.pl\/pl\/wp-json\/wp\/v2\/comments?post=591"}],"version-history":[{"count":11,"href":"https:\/\/lublin.pan.pl\/pl\/wp-json\/wp\/v2\/pages\/591\/revisions"}],"predecessor-version":[{"id":605,"href":"https:\/\/lublin.pan.pl\/pl\/wp-json\/wp\/v2\/pages\/591\/revisions\/605"}],"wp:attachment":[{"href":"https:\/\/lublin.pan.pl\/pl\/wp-json\/wp\/v2\/media?parent=591"}],"curies":[{"name":"wp","href":"https:\/\/api.w.org\/{rel}","templated":true}]}}