
{"id":32,"date":"2020-06-07T16:55:00","date_gmt":"2020-06-07T14:55:00","guid":{"rendered":"http:\/\/www.pan-ol.lublin.pl\/?page_id=32"},"modified":"2025-09-02T12:27:43","modified_gmt":"2025-09-02T10:27:43","slug":"kontakt","status":"publish","type":"page","link":"https:\/\/lublin.pan.pl\/pl\/kontakt\/","title":{"rendered":"Kontakt"},"content":{"rendered":"<h2>Polska Akademia Nauk, Oddzia\u0142 w Lublinie<\/h2>\n<p>ul. Spokojna 1<br \/>\n20-074 Lublin<\/p>\n<p>tel.: +48 81 475 62 00<br \/>\ntel.: +48 81 475 62 03<br \/>\nfax.: +48 81 475 62 80<br \/>\ne-mail: lublin@pan.pl<\/p>\n<h3>Naczelnik Dzia\u0142u Obs\u0142ugi Oddzia\u0142u PAN w Lublinie<\/h3>\n<p>mgr in\u017c. Marek Rozmus<br \/>\ntel.\/fax: +48 81 475 62 02<br \/>\ne-mail: marek.rozmus@pan.pl<\/p>\n<p>&nbsp;<\/p>\n","protected":false},"excerpt":{"rendered":"<p>Polska Akademia Nauk, Oddzia\u0142 w Lublinie ul. Spokojna 1 20-074 Lublin tel.: +48 81 475 62 00 tel.: +48 81 475 62 03 fax.: +48 81 475 62 80 e-mail: lublin@pan.pl Naczelnik Dzia\u0142u Obs\u0142ugi Oddzia\u0142u PAN w Lublinie mgr in\u017c. Marek Rozmus tel.\/fax: +48 81 475 62 02 e-mail: marek.rozmus@pan.pl &nbsp;<\/p>\n","protected":false},"author":1,"featured_media":0,"parent":0,"menu_order":0,"comment_status":"closed","ping_status":"closed","template":"","meta":[],"_links":{"self":[{"href":"https:\/\/lublin.pan.pl\/pl\/wp-json\/wp\/v2\/pages\/32"}],"collection":[{"href":"https:\/\/lublin.pan.pl\/pl\/wp-json\/wp\/v2\/pages"}],"about":[{"href":"https:\/\/lublin.pan.pl\/pl\/wp-json\/wp\/v2\/types\/page"}],"author":[{"embeddable":true,"href":"https:\/\/lublin.pan.pl\/pl\/wp-json\/wp\/v2\/users\/1"}],"replies":[{"embeddable":true,"href":"https:\/\/lublin.pan.pl\/pl\/wp-json\/wp\/v2\/comments?post=32"}],"version-history":[{"count":16,"href":"https:\/\/lublin.pan.pl\/pl\/wp-json\/wp\/v2\/pages\/32\/revisions"}],"predecessor-version":[{"id":2101,"href":"https:\/\/lublin.pan.pl\/pl\/wp-json\/wp\/v2\/pages\/32\/revisions\/2101"}],"wp:attachment":[{"href":"https:\/\/lublin.pan.pl\/pl\/wp-json\/wp\/v2\/media?parent=32"}],"curies":[{"name":"wp","href":"https:\/\/api.w.org\/{rel}","templated":true}]}}