
{"id":16,"date":"2020-06-07T16:43:38","date_gmt":"2020-06-07T14:43:38","guid":{"rendered":"http:\/\/www.pan-ol.lublin.pl\/?page_id=16"},"modified":"2025-11-21T12:03:15","modified_gmt":"2025-11-21T11:03:15","slug":"czlonkowie-oddzialu","status":"publish","type":"page","link":"https:\/\/lublin.pan.pl\/pl\/czlonkowie-oddzialu\/","title":{"rendered":"Cz\u0142onkowie Oddzia\u0142u"},"content":{"rendered":"<div class=\"czlonek-oddzialu\">\n<div class=\"name\">Stanis\u0142aw J. Czuczwar<\/div>\n<div class=\"col-panol left\"><img src=\"http:\/\/www.pan-ol.lublin.pl\/wp-content\/uploads\/2020\/08\/s_czuczwar-200x300.jpg\" \/><\/div>\n<div class=\"col-panol right\">\n<ul>\n<li>prof. zw. dr hab. nauk medycznych &#8211; patofizjologia, farmakologia, epileptologia do\u015bwiadczalna,<\/li>\n<li>wiceprezes PAN w latach 2015-2022),<\/li>\n<li>cz\u0142. koresp. PAN ( w latach 2013-2021), od 2021 r. cz\u0142onek rzeczywisty PAN,\u00a0 Wydzia\u0142 V Nauk Medycznych PAN<\/li>\n<li>cz\u0142. koresp. PAU od 2012 r.,<\/li>\n<li>kierownik Katedry i Zak\u0142adu Patofizjologii Uniwersytetu Medycznego w Lublinie od 2000 r.,<\/li>\n<li>kierownik Zak\u0142adu Fizjopatologii Instytutu Medycyny Wsi w Lublinie (w latach 1997-2018),<\/li>\n<li>cz\u0142onek Komitetu Nauk Fizjologicznych i Farmakologicznych PAN (od 1997 r.),<\/li>\n<li>cz\u0142onek Komitetu Nauk Neurologicznych PAN (od 2012 r.),<\/li>\n<li>cz\u0142onek Komitetu Neurobiologii PAN (w latach 2006-2012),<\/li>\n<li>cz\u0142onek Komitetu Terapii i Nauk o Leku PAN (w latach 2009-2012),<\/li>\n<li>prezes Polskiego Towarzystwa Farmakologicznego (w latach 2007-2010),<\/li>\n<li>cz\u0142onek Centralnej Komisji ds. Stopni i Tytu\u0142\u00f3w Naukowych (od 2011 r.),<\/li>\n<li>cz\u0142onek komitet\u00f3w redakcyjnych czasopism: Pharmacology Biochemistry &amp; Behavior (od 1998 r.), Epilepsia (w latach 2004-2006), Epilepsy Research (w latach 2004-2008), Neurotoxicity Research (w latach 2000-2010), Epileptologia (od 2003 r.), Journal of Pre-Clinical and Clinical Research (od 2007 r.), Neurochemical Research (od 2014 r.),<\/li>\n<li>zast\u0119pca redaktora naczelnego Neurochemical Research (od 2015 r.)<\/li>\n<li>autor (wsp\u00f3\u0142autor) 459 prac naukowych (baza PubMed z dnia 16 marca 2022), opublikowanych z regu\u0142y w j. angielskim w presti\u017cowych czasopismach polskich i zagranicznych<\/li>\n<li>liczba cytowa\u0144 &#8211; 11,631, wsp\u00f3\u0142czynnik Hirscha &#8211; 50 (wg. bazy Web of Science w dniu 16.03.2022).<\/li>\n<\/ul>\n<\/div>\n<\/div>\n<div class=\"czlonek-oddzialu\">\n<div class=\"name\">Jaros\u0142aw Olav Horba\u0144czuk<\/div>\n<div class=\"col-panol left\"><img src=\"http:\/\/www.pan-ol.lublin.pl\/wp-content\/uploads\/2020\/08\/j_horbanczuk-271x300.jpg\" \/><\/div>\n<div class=\"col-panol right\">\n<ul>\n<li>profesor nauk rolniczych &#8211; genetyka, biotechnologia zwierz\u0105t, doskonalenie \u017cywno\u015bci i nutrigenomika,<\/li>\n<li>cz\u0142. koresp. PAN od 2016 r. , Wydzia\u0142 II Nauk Biologicznych i Rolniczych PAN,<\/li>\n<li>dyrektor Instytutu Genetyki i Biotechnologii\u00a0 Zwierz\u0105t PAN \u2013\u00a0 2011-2019 r.,<\/li>\n<li>kierownik Zak\u0142adu Biotechnologii i Nutrigenomiki w Instytucie Genetyki i Biotechnologii\u00a0 Zwierz\u0105t PAN \u2013 od 2011 roku,<\/li>\n<li>cz\u0142onek mi\u0119dzynarodowego zespo\u0142u ekspert\u00f3w Europy z\u00a0 zakresu nauk o zwierz\u0119tach \u2013 Animal Task Force w Brukseli (od 2012 r.-\u00a0 przedstawiciel Polski), wsp\u00f3\u0142autor dokumentu strategicznego White Paper &#8211; priorytetowe kierunki badawcze w naukach o zwierz\u0119tach w UE do 2027r<\/li>\n<li>Mi\u0119dzynarodowy Ekspert w Komisji Europejskiej w Brukseli oceniaj\u0105cy projekty badawcze w programie UE Horyzont 2020 \u2013od 2015 r.,<\/li>\n<li>cz\u0142onek Zagraniczny Rosyjskiej Akademii Nauk Rolniczych (od 2010 r.) i S\u0142owackiej Akademii Nauk (od 2013 r.)<\/li>\n<li>cz\u0142onek Zarz\u0105du Krajowej Rady Koordynator\u00f3w Projekt\u00f3w Badawczych UE.<\/li>\n<li>cz\u0142onek European Association of Research Managers and Administrators (EARMA) \u2013od 2007 r.,<\/li>\n<li>cz\u0142onek Rady naukowej: Instytutu Rozrodu Zwierz\u0105t i Bada\u0144 \u017bywno\u015bci PAN w Olsztynie od 2015r, Pa\u0144stwowego Instytutu Weterynaryjnego PIB w Pu\u0142awach (2013r), Instytutu Agrofizyki PAN w Lublinie (2018),<\/li>\n<li>wyk\u0142ady na wielu zagranicznych Uniwersytetach (w tym Harvard University), w tym \u201eInvited speaker\u201d w 50 krajach na wszystkich kontynentach tj. w: USA,\u00a0 Izraelu, Japonii, RPA, Kanadzie, Brazylii, Argentynie, Australii, USA, Chinach, Korei Po\u0142udniowej\u00a0 i wielu krajach Europy \u2013od 2000 r.,<\/li>\n<li>autor (wsp\u00f3\u0142autor)&gt;100 publikacji z listy JCR, w tym w presti\u017cowym czasopi\u015bmie <em>Nature<\/em>. Liczba cytowa\u0144 &#8211; ok. 2800, w tym cytowania w <em>Science i \u00a0Nature<\/em>. Index Hirscha \u2013 30 (wg bazy Scopus).\u00a0 Autor 11 ksi\u0105\u017cek dotycz\u0105cych biologii i u\u017cytkowania \u00a0strusi wydanych \u00a06 j\u0119zykach m.in. polski, angielski, niemiecki i rosyjski,<\/li>\n<li>autor (wsp\u00f3\u0142autor) 9 patnet\u00f3w &#8211; innowacyjnych technologii prozdrowotnych produkt\u00f3w o cechach \u017cywno\u015bci funkcjonalnej nagrodzonych z\u0142otymi medalami na \u015awiatowych Wystawach Wynalazczo\u015bci w Brukseli, Genevie, Barcelonie i w USA.<\/li>\n<\/ul>\n<\/div>\n<\/div>\n<div class=\"czlonek-oddzialu\">\n<div class=\"name\">Wies\u0142aw Oleszek<\/div>\n<div class=\"col-panol left\"><img src=\"http:\/\/www.pan-ol.lublin.pl\/wp-content\/uploads\/2020\/08\/w_oleszek-216x300.jpg\" \/><\/div>\n<div class=\"col-panol right\">\n<ul>\n<li>prof. dr hab. nauk rolniczych (1997) &#8211; biochemia ro\u015blin, fitochemia,<\/li>\n<li>absolwent UMCS (Mat-Fiz-Chem) 1975<\/li>\n<li>cz\u0142. koresp. PAN od 2010 r., Wydzia\u0142 II Nauk Biologicznych i Rolniczych PAN,<\/li>\n<li>kierownik Zak\u0142adu Biochemii i Jako\u015bci Plon\u00f3w (1993-2010), dyrektor (2010-) Instytutu Uprawy Nawo\u017cenia i Gleboznawstwa, Pa\u0144stwowego Instytutu Badawczego w Pu\u0142awach, (<a href=\"https:\/\/www.iung.pl\/\">https:\/\/www.iung.pl\/<\/a>)<\/li>\n<li>Sta\u017ce zagraniczne: USA: 1979-1980 (12 mies.); USA: 1987 (12 mies.); UK: 1991 (trzy mies.) Francja:1993 (sze\u015b\u0107 mies.)<\/li>\n<li>cz\u0142onek Komitetu Phytochemical Society of Europe (1994-1998)<\/li>\n<li>Sekretarz Generalny Phytochemical Society of Europe (2002-2007)<\/li>\n<li>Prezydent Phytochemical Society of Europe (2008-2014) (<a href=\"http:\/\/www.phytochemicalsociety.org\">http:\/\/www.phytochemicalsociety.org<\/a> )<\/li>\n<li>cz\u0142onek Domain Committee \u201cFood and Agriculture\u201d COST, Brussels (2006-2010)<\/li>\n<li>cz\u0142onek Europejskiego Panelu Ekspert\u00f3w \u201eNitrogen Use Efficiency (NUE)\u201d (2014-2017)<\/li>\n<li>cz\u0142onek sieci ECOFE \u2013 A research network to meet the needs for 21st century crop science (2015-)<\/li>\n<li>cz\u0142onek Konfiguracji \u00a0'Food security, sustainable agriculture and forestry, marine, maritime and inland water research, and the bioeconomy' of the Horizon 2020 Programme Committee<\/li>\n<li>Cz\u0142onek Zespo\u0142\u00f3w Redakcyjnych: Allelopathy Journal, Phytochemistry Reviews, Phytochemistry Letters, Journal of Food Agriculture and Environment (Edytor regionalny), Open Journal of Biochemistry, Polish Journal of Food and Nutrition Sciences, Frontiers in Agricultural Biological Chemistry<\/li>\n<li>cz\u0142onek Polskiego Towarzystwa Biochemicznego<\/li>\n<li>cz\u0142onek Za\u0142o\u017cyciel International Allelopathy Society 1994, (<a href=\"http:\/\/www-ias.uca.es\/\">http:\/\/www-ias.uca.es\/<\/a>)<\/li>\n<li>autor oko\u0142o 210 prac naukowych w czasopismach impaktowych (liczba cytowa\u0144 oko\u0142o 7400, Index Hirsha 48), 5 ksi\u0105\u017cek, 23 rozdzia\u0142\u00f3w ksi\u0105\u017ckowych oraz 1 patentu europejskiego,<\/li>\n<li>G\u0142\u00f3wne zainteresowania naukowe to badania metabolizmu wt\u00f3rnego ro\u015blin w tym: izolacja, oczyszczanie badanie struktury chemicznej i oznaczanie produkt\u00f3w naturalnych takich jak saponiny, zwi\u0105zki fenolowe, glikoalkaloidy, glukozynolany, rezorcynole, glukozydy cyjanogenne, badanie aktywno\u015bci biologicznej tych zwi\u0105zk\u00f3w, ich znaczenia w \u017cywieniu cz\u0142owieka i zwierz\u0105t, funkcja ekologiczna tych zwi\u0105zk\u00f3w, wp\u0142yw na jako\u015b\u0107 produkt\u00f3w ro\u015blinnych, biosynteza,<\/li>\n<li>uczestnik wielu projekt\u00f3w mi\u0119dzynarodowych w Programach Ramowych UE: 5 PR (1 projekt), 6 PR (3 projekty), 7 PR (4 projekty, w tym jeden jako koordynator), H2020 (2 projekty jako koordynator),<\/li>\n<li>kierownik Projektu Program Operacyjny Rozw\u00f3j Polski Wschodniej (2007 \u2013 2013) \u2013 budowa Innowacyjno &#8211; Naukowego Centrum Bada\u0144 Rolniczych -INCBR w Pu\u0142awach<\/li>\n<li>portfolio: <a href=\"http:\/\/iung.pl\/staff\/Oleszek\/\" target=\"_blank\" rel=\"noopener noreferrer\">http:\/\/iung.pl\/staff\/Oleszek\/<\/a><\/li>\n<\/ul>\n<\/div>\n<\/div>\n<div class=\"czlonek-oddzialu\">\n<div class=\"name\">Lucjan Paw\u0142owski<\/div>\n<div class=\"col-panol left\"><img loading=\"lazy\" class=\"alignnone size-full wp-image-115\" src=\"http:\/\/www.pan-ol.lublin.pl\/wp-content\/uploads\/2020\/08\/l_pawlowski.jpg\" alt=\"\" width=\"163\" height=\"235\" \/><\/div>\n<div class=\"col-panol right\">\n<ul>\n<li>prof. zw. dr hab. in\u017c. w dyscyplinie In\u017cynierii \u015arodowiska,<\/li>\n<li>cz\u0142. koresp. PAN od 2010 r., Wydzia\u0142 IV Nauk Technicznych PAN,<\/li>\n<li>dziekan Wydzia\u0142u In\u017cynierii \u015arodowiska Politechniki Lubelskiej,<\/li>\n<li>profesor honorowy Chi\u0144skiej Akademii Nauk (1997),<\/li>\n<li>cz\u0142onek Europejskiej Akademii Nauki i Sztuki,<\/li>\n<li>cz\u0142onek Komitetu nominuj\u0105cego do nagrody Green Prize przyznawanej przez japo\u0144sk\u0105 fundacj\u0119 Ashai,<\/li>\n<li>cz\u0142onek prezydium Pa\u0144stwowej Rady Ochrony \u015arodowiska,<\/li>\n<li>przewodnicz\u0105cy Rady Naukowej Instytutu In\u017cynierii \u015arodowiska PAN,<\/li>\n<li>cz\u0142onek unijnego komitetu Environmental and Sustainable Development,<\/li>\n<li>wiceprzewodnicz\u0105cy Komitetu Cz\u0142owiek i \u015arodowisko przy Prezydium PAN (1996-1999),<\/li>\n<li>przewodnicz\u0105cy Komitetu In\u017cynierii \u015arodowiska PAN (VII Wydzia\u0142), (1999-2005),<\/li>\n<li>wiceprzewodnicz\u0105cy Komitetu In\u017cynierii \u015arodowiska PAN (VII Wydzia\u0142),<\/li>\n<li>cz\u0142onek Rady Naukowej Instytutu Ekologii Teren\u00f3w Uprzemys\u0142owionych \u015arodowiska,<\/li>\n<li>wielokrotny przewodnicz\u0105cy zespo\u0142u In\u017cynierii \u015arodowiska w MNiSW (1996-obecnie),<\/li>\n<li>cz\u0142onek interdyscyplinarnego zespo\u0142u ds. wspomagania nauki MNiSW (2006-obecnie),<\/li>\n<li>cz\u0142onek Polskiej Akademii In\u017cynierskiej,<\/li>\n<li>Przewodnicz\u0105cy Rady Programowej 2 czasopism:<br \/>\n&#8211; Arch. Envir. Protectio.,<br \/>\n&#8211; Envir. Prot Eng.<\/li>\n<li>Cz\u0142onek Kolegium redakcyjnego:<br \/>\n&#8211; Environmental Engineering Science, Problems of Sustainable Development.<\/li>\n<\/ul>\n<\/div>\n<\/div>\n<div class=\"czlonek-oddzialu\">\n<div class=\"name\">Zygmunt Pejsak<\/div>\n<div class=\"col-panol left\"><img loading=\"lazy\" class=\"alignnone size-full wp-image-113\" src=\"https:\/\/www.pan-ol.lublin.pl\/wp-content\/uploads\/2022\/01\/z_pejsak.jpg\" alt=\"\" width=\"150\" height=\"200\" \/><\/div>\n<div class=\"col-panol right\">\n<ul>\n<li>prof. dr hab. nauk weterynaryjnych &#8211; weterynaria, diagnostyka chor\u00f3b zaka\u017anych \u015bwi\u0144,<\/li>\n<li>cz\u0142onek koresp. PAN od 1998 r., od 2010 r. cz\u0142onek rzeczywisty PAN., Wydzia\u0142 II Nauk Biologicznych i Rolniczych PAN, od roku 2010,<\/li>\n<li>kierownik Zak\u0142adu Chor\u00f3b \u015awi\u0144 Pa\u0144stwowego Instytutu Weterynaryjnego w Pu\u0142awach od roku 1981 &#8211; 2019,<\/li>\n<li>cz\u0142onek Centralnej Komisji ds. Tytu\u0142u Naukowego i Stopni Naukowych od 1997 r. do roku 2018.,<\/li>\n<li>od roku 2018 do chwili obecnej profesor w Uniwersyteckim Centrum Medycyny Weterynaryjnej , UJ-UR,<\/li>\n<li>dr h. c. Uniwersytetu Przyrodniczego w Lublinie &#8211; \u00a02004 r.,<\/li>\n<li>dr h. c. Uniwersytetu Przyrodniczego we\u00a0 Wroc\u0142awiu &#8211;\u00a0 2015 r.,<\/li>\n<li>wiceprezes Polskiego Towarzystwa Nauk Weterynaryjnych w latach 1997-2001, a w latach 2001-2004 oraz 2007-2010 prezes Polskiego Towarzystwa Nauk Weterynaryjnych,<\/li>\n<li>kierownik Krajowej Specjalizacji z zakresu Chor\u00f3b \u015awi\u0144 od 2003 \u2013 2019.,<\/li>\n<li>ekspert i kierownik Referencyjnych Laboratori\u00f3w ds. Klasycznego Pomoru \u015awi\u0144 oraz Zespo\u0142u Rozrodczo \u2013 Oddechowego \u015awi\u0144, \u015awiatowej Organizacji Zdrowia Zwierz\u0105t (O.I.E.),<\/li>\n<li>liczba opublikowanych prac oryginalnych wynosi 315, wydawnictw ksi\u0105\u017ckowych i monografii 39, artyku\u0142\u00f3w przegl\u0105dowych 155, instrukcji oraz metodyk dot. diagnostyki chor\u00f3b zaka\u017anych \u015bwi\u0144 \u2013 45.,<\/li>\n<li>autor podr\u0119cznik\u00f3w: Ochrona zdrowia i terapia chor\u00f3b \u015bwi\u0144 (Polskie Wydawnictwo Rolnicze, 1999), Choroby \u015bwi\u0144 (PWR, 2002)., Ochrona zdrowia \u015bwi\u0144 (PWR, 2007), Wybrane zagadnienia dotycz\u0105ce: genetyki, rozrodu, immunologii, \u015brodowiska, \u017cywienia i prawodawstwa zwi\u0105zane z produkcj\u0105 \u015bwi\u0144 (PIWet-PIB, 2010), g\u0142\u00f3wny autor podr\u0119cznika Zdrowie \u015bwi\u0144, prewencja i terapia 812 s. (Polskie Wydawnictwo Rolnicze, 2021),<\/li>\n<li>wsp\u00f3\u0142autor presti\u017cowego w skali \u015bwiatowej podr\u0119cznika \u201eDiseases of Swine\u201d, wydanego przez Iowa State University Press (USA) (2005.),<\/li>\n<li>promotor w 12 przewodach doktorskich; pi\u0119ciu jego uczni\u00f3w uzyska\u0142o tytu\u0142 profesora zwyczajnego,<\/li>\n<li>cz\u0142onek rad naukowych: Instytutu Genetyki i Hodowli Zwierz\u0105t PAN w Jastrz\u0119bcu oraz Instytutu Fizjologii i \u017bywienia Zwierz\u0105t PAN w Jab\u0142onnie,<\/li>\n<li>cz\u0142onek komitet\u00f3w redakcyjnych: Medycyna Weterynaryjna, Polish Journal of Vet. Sciences, Bull. Inst. Vet. Pulawy, \u017bycie Weterynaryjne, Magazyn Weterynaryjny, Medycyna po Dyplomie,<\/li>\n<li>cz\u0142onek komitet\u00f3w naukowych PAN: Nauk Weterynaryjnych, Biotechnologii, Biologii Zwierz\u0105t U\u017cytkowych, cz\u0142onek Lubelskiego Towarzystwa Naukowego, cz\u0142onek Komisji Rolnictwa Polskiej Akademii Umiej\u0119tno\u015bci,<\/li>\n<li>Przewodnicz\u0105cy Rady Naukowej PIWet &#8211; PIB, Pu\u0142awy, (2003\u201306 i \u00a02011- 2014),<\/li>\n<li>cz\u0142onek Centralnej Komisji ds. Tytu\u0142u Naukowego i Stopni Naukowych (2000 -2019.),<\/li>\n<li>przewodnicz\u0105cy Zespo\u0142u Specjalist\u00f3w ds. oceny wniosk\u00f3w badawczych w Zespole Nauk Weterynaryjnych KBN (wielokrotnie),<\/li>\n<li>nagroda I stopnia Ministra Urz\u0119du Post\u0119pu Naukowo-Technicznego i Wdro\u017ce\u0144 (1985),<\/li>\n<li>nagrody i wyr\u00f3\u017cnienia: Nagroda Wydz. Nauk Roln. i Le\u015bn. PAN \u2013 1986, 1994; Nagroda II stopnia Prezesa Rady Ministr\u00f3w za osi\u0105gni\u0119cia naukowo-techniczne \u2013 1999; Nagroda Ministra Nauki i Szkolnictwa Wy\u017cszego za wybitne osi\u0105gni\u0119cia naukowe w kategorii bada\u0144 na rzecz rozwoju gospodarki, 2006 r.,<\/li>\n<li>nagroda naukowa im. M. Oczapowskiego PAN za ksi\u0105\u017ck\u0119 \u201eOchrona zdrowia \u015bwi\u0144\u201d 2008 r., dziesi\u0119\u0107 nagr\u00f3d I stopnia Ministra Rolnictwa za opracowanie i wdro\u017cenie do wielkoseryjnej produkcji szczepionek i lek\u00f3w przeznaczonych dla zwierz\u0105t oraz zestaw\u00f3w diagnostycznych przeznaczonych do wykrywania zaka\u017anych chor\u00f3b \u015bwi\u0144 \u2013 1992, 1997, 1998, 1999, 2002, 2003, 2005, 2008, 2011, 2012. W\u015br\u00f3d opracowanych i produkowanych wielkoseryjnie szczepionek znajduj\u0105 si\u0119 m. in.: Rhinovac, Suimastivac, Celpest, Aptovac, Rhinovac-P, Pleurovac, Streptovac,<\/li>\n<li>Krzy\u017c Kawalerski Orderu Odrodzenia Polski 2003 r.,<\/li>\n<li>tw\u00f3rca krajowej szko\u0142y hyopatolog\u00f3w.<\/li>\n<\/ul>\n<\/div>\n<\/div>\n<div class=\"czlonek-oddzialu\">\n<div class=\"name\">Cezary S\u0142awi\u0144ski<\/div>\n<div class=\"col-panol left\"><img src=\"https:\/\/lublin.pan.pl\/wp-content\/uploads\/2020\/08\/c_slawinski.jpg\" \/><\/div>\n<div class=\"col-panol right\">\n<ul>\n<li>prezes Oddzia\u0142u PAN w Lublinie,<\/li>\n<li>prof. dr hab. nauk rolniczych,<\/li>\n<li>cz\u0142onek korespondent PAN od 2020 r., Wydzia\u0142 II Nauk Biologicznych i Rolniczych PAN,<\/li>\n<li>dyrektor Instytutu Agrofizyki PAN w Lublinie,<\/li>\n<li>kierownik Zak\u0142adu Metrologii i Modelowania Proces\u00f3w Agrofizycznych Instytutu Agrofizyki PAN w Lublinie,<\/li>\n<li>cz\u0142onek Polskiego Towarzystwa Biofizycznego,<\/li>\n<li>cz\u0142onek Polskiego Towarzystwa Agrofizycznego,<\/li>\n<li>cz\u0142onek Lubelskiego Towarzystwa Naukowego,<\/li>\n<li>cz\u0142onek Prezydium Komitetu Nauk Agronomicznych PAN (od roku 2016),<\/li>\n<li>nagrody i wyr\u00f3\u017cnienia: Srebrny Krzy\u017c Zas\u0142ugi, Z\u0142oty Krzy\u017c Zas\u0142ugi, Medal 700-lecia miasta Lublina.<\/li>\n<\/ul>\n<\/div>\n<\/div>\n<div class=\"czlonek-oddzialu\">\n<div class=\"name\">Tomasz Trojanowski<\/div>\n<div class=\"col-panol left\"><img src=\"https:\/\/lublin.pan.pl\/wp-content\/uploads\/2024\/07\/Trojanowski_FOTO_2-scaled.jpg\" \/><\/div>\n<div class=\"col-panol right\">\n<ul>\n<li>wiceprezes Oddzia\u0142u PAN w Lublinie,<\/li>\n<li>prof. dr hab. n. med. &#8211; chirurgia chor\u00f3b naczyniowych m\u00f3zgu, neuroonkologia, technika operacyjna, radiochirurgia,<\/li>\n<li>prezes Oddzia\u0142u PAN w Lublinie 2011-2018,<\/li>\n<li>p.o. prezesa Oddzia\u0142u PAN w Lublinie 2019-2020,<\/li>\n<li>cz\u0142onek koresp. PAN od 2002 r, od 2013 r. cz\u0142onek rzeczywisty PAN, Wydzia\u0142 V Nauk Medycznych PAN,,<\/li>\n<li>Ambasador Lubelszczyzny 2001,<\/li>\n<li>cz\u0142onek zagraniczny Krymskiej Akademii Nauk 2013,<\/li>\n<\/ul>\n<\/div>\n<\/div>\n<div class=\"czlonek-oddzialu\">\n<div class=\"name\">Artur Zdunek<\/div>\n<div class=\"col-panol left\"><img src=\"https:\/\/www.pan-ol.lublin.pl\/wp-content\/uploads\/2022\/01\/a_zdunek-199x300.jpg\" \/><\/div>\n<div class=\"col-panol right\">\n<ul>\n<li>Prof. dr hab. \u2013 dziedzina nauk rolniczych<\/li>\n<li>wiceprezes Oddzia\u0142u PAN w Lublinie,<\/li>\n<li>Z-ca Dyrektora ds. Naukowych Instytut Agrofizyki im. B. Dobrza\u0144skiego PAN w Lublinie<\/li>\n<li>cz\u0142onek korespondent PAN od 2022 r., Wydzia\u0142 II Nauk Biologicznych i Rolniczych PAN,<\/li>\n<li>Kierownik Zak\u0142adu Mikrostruktury i Mechaniki Biomateria\u0142\u00f3w w Instytucie Agrofizyki PAN<\/li>\n<li>V-ce Przewodnicz\u0105cy Komitetu Nauk Agronomicznych PAN<\/li>\n<li>W latach 2013-2019 Prezes Lubelskiego Oddzia\u0142u Polskiego Towarzystwa Biofizycznego (od 2019 V-ce Prezes)<\/li>\n<li>Cz\u0142onek zespo\u0142u Regionalne Inicjatywy Doskona\u0142o\u015bci Naukowej w Ministerstwie Edukacji i Nauki<\/li>\n<li>Ekspert ds. Bada\u0144 i Rozwoju Lubelskiego Urz\u0119du Marsza\u0142kowskiego<\/li>\n<li>Przewodnicz\u0105cy Rady Naukowej Instytutu Uprawy, Nawo\u017cenia i Gleboznawstwa PIB w Pu\u0142awach<\/li>\n<li>Cz\u0142onek Rady Naukowej Instytutu Agrofizyki im. B. Dobrza\u0144skiego PAN w Lublinie<\/li>\n<li>Cz\u0142onek Rady Naukowej Instytutu Ogrodnictwa PIB w Skierniewicach<\/li>\n<li>Do 2021 Cz\u0142onek Rady Szko\u0142y Doktorskiej Nauk \u015acis\u0142ych i Przyrodniczych oraz Interdyscyplinarnej Szko\u0142y Doktorskiej Nauki Rolniczych<\/li>\n<li>Cz\u0142onek Komitet\u00f3w Zarz\u0105dzaj\u0105cych (MC Member) akcji COST (TD1002, TA1001, CA17121)<\/li>\n<li>Recenzent prac doktorskich na KU Leuven oraz University of Bologna<\/li>\n<li>Organizator cyklu mi\u0119dzynarodowych konferencji &#8211; International Conference on Agrophysics (ICA)<\/li>\n<li>Edytor: International Agrophysics oraz Postharvest Biology and Technology<\/li>\n<li>Kierownik projekt\u00f3w NCBiR, NCN, mi\u0119dzynarodowych INTERREG PL-BY-UA<\/li>\n<li>Stypendysta Japo\u0144skiej Fundacji Wspierania Nauki (JSPS) na Uniwersytecie w Kioto, Japonia; Sta\u017c naukowy w INRA Nantes, Francja; Stypendysta DAAD w ATB Poczdam, Niemcy<\/li>\n<li>Indeks H 30, autor ponad 100 publikacji w bazie Scopus (do 2021)<\/li>\n<li>Promotor 7 doktorant\u00f3w (5 wypromowanych do 2021)<\/li>\n<\/ul>\n<\/div>\n<\/div>\n","protected":false},"excerpt":{"rendered":"<p>Stanis\u0142aw J. Czuczwar prof. zw. dr hab. nauk medycznych &#8211; patofizjologia, farmakologia, epileptologia do\u015bwiadczalna, wiceprezes PAN w latach 2015-2022), cz\u0142. koresp. PAN ( w latach 2013-2021), od 2021 r. cz\u0142onek rzeczywisty PAN,\u00a0 Wydzia\u0142 V Nauk Medycznych PAN cz\u0142. koresp. PAU od 2012 r., kierownik Katedry i Zak\u0142adu Patofizjologii Uniwersytetu Medycznego w Lublinie od 2000 r., [&hellip;]<\/p>\n","protected":false},"author":1,"featured_media":0,"parent":0,"menu_order":0,"comment_status":"closed","ping_status":"closed","template":"","meta":[],"_links":{"self":[{"href":"https:\/\/lublin.pan.pl\/pl\/wp-json\/wp\/v2\/pages\/16"}],"collection":[{"href":"https:\/\/lublin.pan.pl\/pl\/wp-json\/wp\/v2\/pages"}],"about":[{"href":"https:\/\/lublin.pan.pl\/pl\/wp-json\/wp\/v2\/types\/page"}],"author":[{"embeddable":true,"href":"https:\/\/lublin.pan.pl\/pl\/wp-json\/wp\/v2\/users\/1"}],"replies":[{"embeddable":true,"href":"https:\/\/lublin.pan.pl\/pl\/wp-json\/wp\/v2\/comments?post=16"}],"version-history":[{"count":85,"href":"https:\/\/lublin.pan.pl\/pl\/wp-json\/wp\/v2\/pages\/16\/revisions"}],"predecessor-version":[{"id":2244,"href":"https:\/\/lublin.pan.pl\/pl\/wp-json\/wp\/v2\/pages\/16\/revisions\/2244"}],"wp:attachment":[{"href":"https:\/\/lublin.pan.pl\/pl\/wp-json\/wp\/v2\/media?parent=16"}],"curies":[{"name":"wp","href":"https:\/\/api.w.org\/{rel}","templated":true}]}}