
{"id":1268,"date":"2023-03-29T12:41:59","date_gmt":"2023-03-29T10:41:59","guid":{"rendered":"https:\/\/www.pan-ol.lublin.pl\/?page_id=1268"},"modified":"2025-06-09T14:58:15","modified_gmt":"2025-06-09T12:58:15","slug":"patronaty","status":"publish","type":"page","link":"https:\/\/lublin.pan.pl\/pl\/patronaty\/","title":{"rendered":"Patronaty"},"content":{"rendered":"<p>Patronat PAN Oddzia\u0142 w Lublinie przyznawany jest zadaniom posiadaj\u0105cym wysok\u0105 jako\u015b\u0107 naukow\u0105, edukacyjn\u0105 i popularyzuj\u0105c\u0105 nauk\u0119.<\/p>\n<p>Organizator wydarzenia naukowego mo\u017ce ubiega\u0107 si\u0119 o patronat honorowy prezesa Polskiej Akademii Nauk Oddzia\u0142 w Lublinie nad zadaniem \u2013 konferencj\u0105, seminarium, projektem badawczym, festiwalem, pokazem, warsztatami, prezentacj\u0105, wydawnictwem. G\u0142\u00f3wnym warunkiem przyj\u0119cia takiej opieki merytorycznej jest wysoka jako\u015b\u0107 naukowa i edukacyjna zadania.<\/p>\n<p>Ubiegaj\u0105c si\u0119 o patronat honorowy Prezesa PAN Oddzia\u0142 w Lublinie nale\u017cy na adres <a href=\"mailto:lublin@pan.pl\">lublin@pan.pl<\/a> przes\u0142a\u0107 podanie wraz z wype\u0142nionym formularzem. Decyzj\u0119 o przyj\u0119ciu patronatu honorowego podejmuje Prezes.<\/p>\n<p>Patronaty mog\u0105 te\u017c przyznawa\u0107 Komisje Oddzia\u0142u PAN w Lublinie.<\/p>\n<p>Do pobrania &#8211; <strong>formularz o patronat:<\/strong> <a href=\"https:\/\/www.pan-ol.lublin.pl\/wp-content\/uploads\/2023\/09\/formularz_patronat_OL-PAN.docx\">https:\/\/www.pan-ol.lublin.pl\/wp-content\/uploads\/2023\/09\/formularz_patronat_OL-PAN.docx<\/a><\/p>\n<p>&nbsp;<\/p>\n<p><strong>Patronaty przyznane w 2025 roku:<\/strong><\/p>\n<p>&#8211; 17-19 wrze\u015bnia 2025 r. &#8211; XLI Konferencja Agrometeorolog\u00f3w i Klimatolog\u00f3w pt. \u201eKlimat, ekoklimat, ekstremalne zjawiska pogodowe\u201d po\u0142\u0105czona z XII Konferencj\u0105 Naukow\u0105 \u201eKlimat pola uprawnego\u201d<\/p>\n<p>&#8211; 29-31 maja 2025 r. &#8211; MedIQ 2025 &#8211; XIII Konferencja Symulacji i Edukacji Medycznej<\/p>\n<p>&#8211; 11-15 maja 2025 r. &#8211; Konferencja naukowa pt. &#8222;Fizykochemia granic faz &#8211; metody instrumentalne&#8221;<\/p>\n<p>&#8211; 23-24 kwietnia 2025 r. &#8211; Konferencja naukowa pt. &#8222;Innowacje pedagogiczne w wychowaniu przedszkolnym i edukacji wczesnoszkolnej&#8221;<\/p>\n<p>&#8211; 09 kwietnia 2025 r. &#8211; IV Mi\u0119dzynarodowa i interdyscyplinarna Konferencja Doktorancka na Uniwersytecie Przyrodniczym w Lublinie: \u201e\u015arodowisko-Ro\u015blina-Zwierz\u0119-Produkt&#8221;<\/p>\n<p>-03-05 kwietnia 2025 r. &#8211; Mi\u0119dzynarodowy Kongres Chirurgii Student\u00f3w i M\u0142odych Lekarzy (LISSC)\u00a0<a href=\"https:\/\/lissc2025.wordpress.com\/workshops\/\">https:\/\/lissc2025.wordpress.com\/workshops\/<\/a><\/p>\n<p>-27-29 marca\u00a0 2025 r. &#8211;\u00a0 11 edycja &#8211; \u201eLublin International Medical Congress for Students and Young Doctors (LIMC)\u201d <a href=\"https:\/\/limc.umlub.pl\/\">https:\/\/limc.umlub.pl\/<\/a><\/p>\n<p>-10-14 marca 2025 r. &#8211; Tydzie\u0144 M\u00f3zgu 2025 #MariaMy\u015bli na UMCS<\/p>\n<p>&#8211; 04 marca 2025 r &#8211; V Mi\u0119dzynarodowa Konferencja Naukowa &#8222;\u015aWI\u0104TYNIE WSCHODU. KRAJOBRAZ, ARCHITEKTURA I SZTUKA &#8221;<\/p>\n<p>&nbsp;<\/p>\n<p><strong>Patronaty przyznane w 2024 roku:<\/strong><\/p>\n<p>27-29.11.2024 &#8211; \u201eIX International Conference of Computational Methods in Engineering\u201d\u00a0<a href=\"https:\/\/cmes.pl\/\">https:\/\/cmes.pl\/<\/a><\/p>\n<p>19.11.2024 &#8211; Szkolny Festiwal Explory, organizator: Zesp\u00f3\u0142 Szk\u00f3\u0142 Elektronicznych w Lublinie, <a href=\"https:\/\/zsel.lublin.eu\/konkursy\/explory\">https:\/\/zsel.lublin.eu\/konkursy\/explory\u00a0<\/a><\/p>\n<p>15.11.2024 &#8211; Mi\u0119dzynarodowa Konferencja\u2009 Azji i Pacyfiku pt. \u201ePoruszanie si\u0119 po globalnych zagro\u017ceniach: rola wsp\u00f3\u0142pracy w przysz\u0142o\u015bci regionu Indo-Pacyfiku\u201d,\u00a0<a href=\"https:\/\/www.youtube.com\/watch?v=UZMfZ9iEm34\">https:\/\/www.youtube.com\/watch?v=UZMfZ9iEm34<\/a><\/p>\n<p>14-15.11.2024 &#8211; VII Og\u00f3lnopolska Konferencja Bizantynistyczna z cyklu Wybrane aspekty kultury bizanty\u0144skiej, pt. \u017bycie codzienne w Bizancjum<\/p>\n<p>&#8211; 20-22.09.2024 &#8211; IV Og\u00f3lnopolska Konferencja Polskiego Towarzystwa Mykologicznego, <a href=\"http:\/\/www.ptmyk.pl\/?p=5453\">http:\/\/www.ptmyk.pl\/?p=5453<\/a><\/p>\n<p>&#8211; 12-15 wrze\u015bnia 2024 &#8211; Mi\u0119dzynarodowa Konferencja ELMECO\u20192024 \u2013 Electromagnetic Devices and Processes in Environment Protection,\u00a0<a href=\"https:\/\/elmeco.pollub.pl\/conference\">https:\/\/elmeco.pollub.pl\/conference<\/a><\/p>\n<p>&#8211; 30 czerwca \u2013 5 lipca 2024 &#8211; XI Konferencja Nanotechnologii \u201eNANO 2024\u201d,\u00a0<a href=\"https:\/\/nano2024.umcs.eu\/\">https:\/\/nano2024.umcs.eu\/<\/a><\/p>\n<p>&#8211; 15-17 maja\u00a0 2024 &#8211; Targi Innowacji i Wynalazczo\u015bci E-NNOVATE 2024,\u00a0<a href=\"https:\/\/e-nnovate.eu\">https:\/\/e-nnovate.eu<\/a><\/p>\n<p>&#8211; 24-26 kwietnia 2024 &#8211; III Mi\u0119dzynarodowa i interdyscyplinarna Konferencja Doktorancka na Uniwersytecie Przyrodniczym w Lublinie: \u201e\u015arodowisko-Ro\u015blina-Zwierz\u0119-Produkt &#8211; Environment\u00a0 \u2013\u00a0 Plant\u00a0 \u2013\u00a0 Animal \u2013\u00a0 Product\u201d &#8211;\u00a0<a href=\"https:\/\/up.lublin.pl\/szkola-doktorska\/konferencja\/\">http:\/\/University of Life Sciences in Lublin \u2013 Conference Doctoral Website (up.lublin.pl)<\/a><\/p>\n<p>&#8211; 18-20 kwietnia 2024 &#8211; Lublin International Students\u2019 Surgical Congress LISSC 2024 &#8211;\u00a0<a href=\"https:\/\/lissclublin.wordpress.com\/\">https:\/\/lissclublin.wordpress.com\/<\/a><\/p>\n<p>&#8211; 11-17 marca 2024 &#8211; Tydzie\u0144 M\u00f3zgu 2024 #MariaMy\u015bli na UMCS,\u00a0<a href=\"https:\/\/www.umcs.pl\/pl\/konferencje,10227,tydzien-mozgu-mariamysli-na-umcs,128515.chtm\">https:\/\/www.umcs.pl\/pl\/konferencje,10227,tydzien-mozgu-mariamysli-na-umcs,128515.chtml<\/a><\/p>\n<p>&nbsp;<\/p>\n<p>&nbsp;<\/p>\n<p><strong>Patronaty przyznane w 2023 roku:<br \/>\n<\/strong><\/p>\n<p>&#8211; 12 grudnia 2023 \u2013 Szkolny Festiwal \u201eExplory\u201d, organizator: Zesp\u00f3\u0142 Szk\u00f3\u0142 Elektronicznych w Lublinie<\/p>\n<p>&#8211; 23-25 listopada 2023 &#8211; VIII International Conference of Computational Methods in Engineering\u201d<\/p>\n<p>&#8211; 12-13 pa\u017adziernika 2023 &#8211; Mi\u0119dzynarodowa Konferencja J\u0119zykoznawcza Linguistics Beyond and Within 2023<\/p>\n<p>&#8211; 26 wrze\u015bnia 2023 &#8211; polsko-w\u0119gierski workshop nt. &#8222;New trends in plant research&#8221;, organizator: Instytut Genetyki, Hodowli i Biotechnologii Ro\u015blin , Szko\u0142a Doktorska Uniwersytetu Przyrodniczego w Lublinie<\/p>\n<p>&#8211; 7 wrze\u015bnia 2023 &#8211; Konferencja naukowa pn. &#8222;Mi\u0119dzynarodowa Innowacyjno\u015b\u0107 i Konkurencyjno\u015b\u0107 w XXI wieku&#8221;, organizator: Fundacja Innowacji i Nowoczesnych Technologii INOTECH,<\/p>\n<p>&#8211; 13 czerwca 2023 &#8211; Seminarium Naukowe pt. \u201eTransformacja gospodarcza w Polsce \u2014 od gospodarki planowej do gospodarki cyfrowej\u201d<\/p>\n<p>&#8211; 30 maja \u2013 1 czerwca 2023, 19-20 Czerwca 2023\u00a0 &#8211; Targi Innowacji E-NNOVATE 2023<\/p>\n<p>&#8211; 19-20 kwietnia 2023 &#8211; II Mi\u0119dzynarodowa i\u00a0 interdyscyplinarna Konferencja Doktorancka na Uniwersytecie Przyrodniczym w Lublinie: \u201e\u015arodowisko-Ro\u015blina-Zwierz\u0119-Produkt\u201d<\/p>\n<p>&#8211; 21 lutego 2023\u00a0 &#8211; Seminarium Naukowe\u00a0 pt: &#8222;Aktualne i przysz\u0142e wyzwania in\u017cynierii produkcji&#8221;, organizator: Zak\u0142ad Mechaniki i Budowy Maszyn Akademii Zamojskiej<\/p>\n","protected":false},"excerpt":{"rendered":"<p>Patronat PAN Oddzia\u0142 w Lublinie przyznawany jest zadaniom posiadaj\u0105cym wysok\u0105 jako\u015b\u0107 naukow\u0105, edukacyjn\u0105 i popularyzuj\u0105c\u0105 nauk\u0119. Organizator wydarzenia naukowego mo\u017ce ubiega\u0107 si\u0119 o patronat honorowy prezesa Polskiej Akademii Nauk Oddzia\u0142 w Lublinie nad zadaniem \u2013 konferencj\u0105, seminarium, projektem badawczym, festiwalem, pokazem, warsztatami, prezentacj\u0105, wydawnictwem. G\u0142\u00f3wnym warunkiem przyj\u0119cia takiej opieki merytorycznej jest wysoka jako\u015b\u0107 naukowa i [&hellip;]<\/p>\n","protected":false},"author":1,"featured_media":0,"parent":0,"menu_order":0,"comment_status":"closed","ping_status":"closed","template":"","meta":[],"_links":{"self":[{"href":"https:\/\/lublin.pan.pl\/pl\/wp-json\/wp\/v2\/pages\/1268"}],"collection":[{"href":"https:\/\/lublin.pan.pl\/pl\/wp-json\/wp\/v2\/pages"}],"about":[{"href":"https:\/\/lublin.pan.pl\/pl\/wp-json\/wp\/v2\/types\/page"}],"author":[{"embeddable":true,"href":"https:\/\/lublin.pan.pl\/pl\/wp-json\/wp\/v2\/users\/1"}],"replies":[{"embeddable":true,"href":"https:\/\/lublin.pan.pl\/pl\/wp-json\/wp\/v2\/comments?post=1268"}],"version-history":[{"count":27,"href":"https:\/\/lublin.pan.pl\/pl\/wp-json\/wp\/v2\/pages\/1268\/revisions"}],"predecessor-version":[{"id":2050,"href":"https:\/\/lublin.pan.pl\/pl\/wp-json\/wp\/v2\/pages\/1268\/revisions\/2050"}],"wp:attachment":[{"href":"https:\/\/lublin.pan.pl\/pl\/wp-json\/wp\/v2\/media?parent=1268"}],"curies":[{"name":"wp","href":"https:\/\/api.w.org\/{rel}","templated":true}]}}